{"id":25,"date":"2023-10-04T16:16:27","date_gmt":"2023-10-04T14:16:27","guid":{"rendered":"http:\/\/lestresorsdembruns.fr\/?page_id=25"},"modified":"2024-01-23T20:58:02","modified_gmt":"2024-01-23T19:58:02","slug":"pour-les-professionnels","status":"publish","type":"page","link":"https:\/\/lestresorsdembruns.fr\/index.php\/pour-les-professionnels\/","title":{"rendered":"Pour les professionnels"},"content":{"rendered":"\n<p>Les Tr\u00e9sors d&rsquo;Embruns sauront apporter une touche naturelle \u00e0 vos int\u00e9rieurs et ext\u00e9rieurs.<\/p>\n\n\n\n<p>Je vous propose de vous accompagner dans votre projet afin de cr\u00e9er une ambiance marine, sauvage et sereine au sein de votre activit\u00e9 professionnelle.<\/p>\n\n\n\n<p>Du mobilier \u00e0 la cr\u00e9ation de pi\u00e8ces d&rsquo;exception, Les Tr\u00e9sors d&rsquo;Embruns sauront sublimer vos espaces.<\/p>\n\n\n\n<figure class=\"wp-block-gallery has-nested-images columns-default is-cropped wp-block-gallery-1 is-layout-flex wp-block-gallery-is-layout-flex\">\n<figure class=\"wp-block-image size-large\"><img fetchpriority=\"high\" decoding=\"async\" width=\"534\" height=\"1024\" data-id=\"75\" src=\"https:\/\/lestresorsdembruns.fr\/wp-content\/uploads\/2023\/10\/lustre-salon-lultime-534x1024.jpg\" alt=\"\" class=\"wp-image-75\" srcset=\"https:\/\/lestresorsdembruns.fr\/wp-content\/uploads\/2023\/10\/lustre-salon-lultime-534x1024.jpg 534w, https:\/\/lestresorsdembruns.fr\/wp-content\/uploads\/2023\/10\/lustre-salon-lultime-scaled-600x1151.jpg 600w, https:\/\/lestresorsdembruns.fr\/wp-content\/uploads\/2023\/10\/lustre-salon-lultime-156x300.jpg 156w, https:\/\/lestresorsdembruns.fr\/wp-content\/uploads\/2023\/10\/lustre-salon-lultime-768x1473.jpg 768w, https:\/\/lestresorsdembruns.fr\/wp-content\/uploads\/2023\/10\/lustre-salon-lultime-801x1536.jpg 801w, https:\/\/lestresorsdembruns.fr\/wp-content\/uploads\/2023\/10\/lustre-salon-lultime-1068x2048.jpg 1068w, https:\/\/lestresorsdembruns.fr\/wp-content\/uploads\/2023\/10\/lustre-salon-lultime-200x384.jpg 200w, https:\/\/lestresorsdembruns.fr\/wp-content\/uploads\/2023\/10\/lustre-salon-lultime-380x729.jpg 380w, https:\/\/lestresorsdembruns.fr\/wp-content\/uploads\/2023\/10\/lustre-salon-lultime-580x1113.jpg 580w, https:\/\/lestresorsdembruns.fr\/wp-content\/uploads\/2023\/10\/lustre-salon-lultime-1160x2225.jpg 1160w, https:\/\/lestresorsdembruns.fr\/wp-content\/uploads\/2023\/10\/lustre-salon-lultime-scaled.jpg 1334w\" sizes=\"(max-width: 534px) 100vw, 534px\" \/><\/figure>\n\n\n\n<figure class=\"wp-block-image size-large\"><img decoding=\"async\" width=\"1024\" height=\"1010\" data-id=\"73\" src=\"https:\/\/lestresorsdembruns.fr\/wp-content\/uploads\/2023\/10\/Screenshot_20220321-211217_Instagram-1024x1010.jpg\" alt=\"\" class=\"wp-image-73\" srcset=\"https:\/\/lestresorsdembruns.fr\/wp-content\/uploads\/2023\/10\/Screenshot_20220321-211217_Instagram-1024x1010.jpg 1024w, https:\/\/lestresorsdembruns.fr\/wp-content\/uploads\/2023\/10\/Screenshot_20220321-211217_Instagram-100x100.jpg 100w, https:\/\/lestresorsdembruns.fr\/wp-content\/uploads\/2023\/10\/Screenshot_20220321-211217_Instagram-600x592.jpg 600w, https:\/\/lestresorsdembruns.fr\/wp-content\/uploads\/2023\/10\/Screenshot_20220321-211217_Instagram-300x296.jpg 300w, https:\/\/lestresorsdembruns.fr\/wp-content\/uploads\/2023\/10\/Screenshot_20220321-211217_Instagram-768x757.jpg 768w, https:\/\/lestresorsdembruns.fr\/wp-content\/uploads\/2023\/10\/Screenshot_20220321-211217_Instagram-80x80.jpg 80w, https:\/\/lestresorsdembruns.fr\/wp-content\/uploads\/2023\/10\/Screenshot_20220321-211217_Instagram-200x197.jpg 200w, https:\/\/lestresorsdembruns.fr\/wp-content\/uploads\/2023\/10\/Screenshot_20220321-211217_Instagram-380x375.jpg 380w, https:\/\/lestresorsdembruns.fr\/wp-content\/uploads\/2023\/10\/Screenshot_20220321-211217_Instagram-580x572.jpg 580w, https:\/\/lestresorsdembruns.fr\/wp-content\/uploads\/2023\/10\/Screenshot_20220321-211217_Instagram.jpg 1080w\" sizes=\"(max-width: 1024px) 100vw, 1024px\" \/><\/figure>\n\n\n\n<figure class=\"wp-block-image size-large\"><img decoding=\"async\" width=\"1024\" height=\"1024\" data-id=\"72\" src=\"https:\/\/lestresorsdembruns.fr\/wp-content\/uploads\/2023\/10\/LOGO-CC--1024x1024.webp\" alt=\"\" class=\"wp-image-72\" srcset=\"https:\/\/lestresorsdembruns.fr\/wp-content\/uploads\/2023\/10\/LOGO-CC--1024x1024.webp 1024w, https:\/\/lestresorsdembruns.fr\/wp-content\/uploads\/2023\/10\/LOGO-CC--300x300.webp 300w, https:\/\/lestresorsdembruns.fr\/wp-content\/uploads\/2023\/10\/LOGO-CC--100x100.webp 100w, https:\/\/lestresorsdembruns.fr\/wp-content\/uploads\/2023\/10\/LOGO-CC--600x600.webp 600w, https:\/\/lestresorsdembruns.fr\/wp-content\/uploads\/2023\/10\/LOGO-CC--150x150.webp 150w, https:\/\/lestresorsdembruns.fr\/wp-content\/uploads\/2023\/10\/LOGO-CC--768x768.webp 768w, https:\/\/lestresorsdembruns.fr\/wp-content\/uploads\/2023\/10\/LOGO-CC--80x80.webp 80w, https:\/\/lestresorsdembruns.fr\/wp-content\/uploads\/2023\/10\/LOGO-CC--110x110.webp 110w, https:\/\/lestresorsdembruns.fr\/wp-content\/uploads\/2023\/10\/LOGO-CC--200x200.webp 200w, https:\/\/lestresorsdembruns.fr\/wp-content\/uploads\/2023\/10\/LOGO-CC--380x380.webp 380w, https:\/\/lestresorsdembruns.fr\/wp-content\/uploads\/2023\/10\/LOGO-CC--580x580.webp 580w, https:\/\/lestresorsdembruns.fr\/wp-content\/uploads\/2023\/10\/LOGO-CC-.webp 1080w\" sizes=\"(max-width: 1024px) 100vw, 1024px\" \/><\/figure>\n\n\n\n<figure class=\"wp-block-image size-large\"><img loading=\"lazy\" decoding=\"async\" width=\"1024\" height=\"768\" data-id=\"80\" src=\"https:\/\/lestresorsdembruns.fr\/wp-content\/uploads\/2023\/10\/deco-poisson-Restaurant-claude-coquillage--1024x768.jpg\" alt=\"\" class=\"wp-image-80\" srcset=\"https:\/\/lestresorsdembruns.fr\/wp-content\/uploads\/2023\/10\/deco-poisson-Restaurant-claude-coquillage--1024x768.jpg 1024w, https:\/\/lestresorsdembruns.fr\/wp-content\/uploads\/2023\/10\/deco-poisson-Restaurant-claude-coquillage--scaled-600x450.jpg 600w, https:\/\/lestresorsdembruns.fr\/wp-content\/uploads\/2023\/10\/deco-poisson-Restaurant-claude-coquillage--300x225.jpg 300w, https:\/\/lestresorsdembruns.fr\/wp-content\/uploads\/2023\/10\/deco-poisson-Restaurant-claude-coquillage--768x576.jpg 768w, https:\/\/lestresorsdembruns.fr\/wp-content\/uploads\/2023\/10\/deco-poisson-Restaurant-claude-coquillage--1536x1152.jpg 1536w, https:\/\/lestresorsdembruns.fr\/wp-content\/uploads\/2023\/10\/deco-poisson-Restaurant-claude-coquillage--2048x1536.jpg 2048w, https:\/\/lestresorsdembruns.fr\/wp-content\/uploads\/2023\/10\/deco-poisson-Restaurant-claude-coquillage--200x150.jpg 200w, https:\/\/lestresorsdembruns.fr\/wp-content\/uploads\/2023\/10\/deco-poisson-Restaurant-claude-coquillage--380x285.jpg 380w, https:\/\/lestresorsdembruns.fr\/wp-content\/uploads\/2023\/10\/deco-poisson-Restaurant-claude-coquillage--580x435.jpg 580w, https:\/\/lestresorsdembruns.fr\/wp-content\/uploads\/2023\/10\/deco-poisson-Restaurant-claude-coquillage--1160x870.jpg 1160w, https:\/\/lestresorsdembruns.fr\/wp-content\/uploads\/2023\/10\/deco-poisson-Restaurant-claude-coquillage--scaled.jpg 2560w\" sizes=\"(max-width: 1024px) 100vw, 1024px\" \/><\/figure>\n\n\n\n<figure class=\"wp-block-image size-large\"><img loading=\"lazy\" decoding=\"async\" width=\"720\" height=\"720\" data-id=\"70\" src=\"https:\/\/lestresorsdembruns.fr\/wp-content\/uploads\/2023\/10\/25858.jpg\" alt=\"\" class=\"wp-image-70\" srcset=\"https:\/\/lestresorsdembruns.fr\/wp-content\/uploads\/2023\/10\/25858.jpg 720w, https:\/\/lestresorsdembruns.fr\/wp-content\/uploads\/2023\/10\/25858-300x300.jpg 300w, https:\/\/lestresorsdembruns.fr\/wp-content\/uploads\/2023\/10\/25858-100x100.jpg 100w, https:\/\/lestresorsdembruns.fr\/wp-content\/uploads\/2023\/10\/25858-600x600.jpg 600w, https:\/\/lestresorsdembruns.fr\/wp-content\/uploads\/2023\/10\/25858-150x150.jpg 150w, https:\/\/lestresorsdembruns.fr\/wp-content\/uploads\/2023\/10\/25858-80x80.jpg 80w, https:\/\/lestresorsdembruns.fr\/wp-content\/uploads\/2023\/10\/25858-110x110.jpg 110w, https:\/\/lestresorsdembruns.fr\/wp-content\/uploads\/2023\/10\/25858-200x200.jpg 200w, https:\/\/lestresorsdembruns.fr\/wp-content\/uploads\/2023\/10\/25858-380x380.jpg 380w, https:\/\/lestresorsdembruns.fr\/wp-content\/uploads\/2023\/10\/25858-580x580.jpg 580w\" sizes=\"(max-width: 720px) 100vw, 720px\" \/><\/figure>\n\n\n\n<figure class=\"wp-block-image size-large\"><img loading=\"lazy\" decoding=\"async\" width=\"485\" height=\"1024\" data-id=\"77\" src=\"https:\/\/lestresorsdembruns.fr\/wp-content\/uploads\/2023\/10\/bulle-zen-tete-de-lit-485x1024.jpg\" alt=\"\" class=\"wp-image-77\" srcset=\"https:\/\/lestresorsdembruns.fr\/wp-content\/uploads\/2023\/10\/bulle-zen-tete-de-lit-485x1024.jpg 485w, https:\/\/lestresorsdembruns.fr\/wp-content\/uploads\/2023\/10\/bulle-zen-tete-de-lit-scaled-600x1266.jpg 600w, https:\/\/lestresorsdembruns.fr\/wp-content\/uploads\/2023\/10\/bulle-zen-tete-de-lit-142x300.jpg 142w, https:\/\/lestresorsdembruns.fr\/wp-content\/uploads\/2023\/10\/bulle-zen-tete-de-lit-768x1620.jpg 768w, https:\/\/lestresorsdembruns.fr\/wp-content\/uploads\/2023\/10\/bulle-zen-tete-de-lit-728x1536.jpg 728w, https:\/\/lestresorsdembruns.fr\/wp-content\/uploads\/2023\/10\/bulle-zen-tete-de-lit-971x2048.jpg 971w, https:\/\/lestresorsdembruns.fr\/wp-content\/uploads\/2023\/10\/bulle-zen-tete-de-lit-200x422.jpg 200w, https:\/\/lestresorsdembruns.fr\/wp-content\/uploads\/2023\/10\/bulle-zen-tete-de-lit-380x802.jpg 380w, https:\/\/lestresorsdembruns.fr\/wp-content\/uploads\/2023\/10\/bulle-zen-tete-de-lit-580x1224.jpg 580w, https:\/\/lestresorsdembruns.fr\/wp-content\/uploads\/2023\/10\/bulle-zen-tete-de-lit-1160x2447.jpg 1160w, https:\/\/lestresorsdembruns.fr\/wp-content\/uploads\/2023\/10\/bulle-zen-tete-de-lit-scaled.jpg 1213w\" sizes=\"(max-width: 485px) 100vw, 485px\" \/><\/figure>\n\n\n\n<figure class=\"wp-block-image size-large\"><img loading=\"lazy\" decoding=\"async\" width=\"242\" height=\"512\" data-id=\"65\" src=\"https:\/\/lestresorsdembruns.fr\/wp-content\/uploads\/2023\/10\/deco-bulle-glamour-jute-et-bois-flottes.jpg\" alt=\"\" class=\"wp-image-65\" srcset=\"https:\/\/lestresorsdembruns.fr\/wp-content\/uploads\/2023\/10\/deco-bulle-glamour-jute-et-bois-flottes.jpg 242w, https:\/\/lestresorsdembruns.fr\/wp-content\/uploads\/2023\/10\/deco-bulle-glamour-jute-et-bois-flottes-142x300.jpg 142w, https:\/\/lestresorsdembruns.fr\/wp-content\/uploads\/2023\/10\/deco-bulle-glamour-jute-et-bois-flottes-200x423.jpg 200w\" sizes=\"(max-width: 242px) 100vw, 242px\" \/><\/figure>\n\n\n\n<figure class=\"wp-block-image size-large\"><img loading=\"lazy\" decoding=\"async\" width=\"1024\" height=\"1024\" data-id=\"67\" src=\"https:\/\/lestresorsdembruns.fr\/wp-content\/uploads\/2023\/10\/IMG_20210310_113423_562-1024x1024.jpg\" alt=\"\" class=\"wp-image-67\" srcset=\"https:\/\/lestresorsdembruns.fr\/wp-content\/uploads\/2023\/10\/IMG_20210310_113423_562-1024x1024.jpg 1024w, https:\/\/lestresorsdembruns.fr\/wp-content\/uploads\/2023\/10\/IMG_20210310_113423_562-300x300.jpg 300w, https:\/\/lestresorsdembruns.fr\/wp-content\/uploads\/2023\/10\/IMG_20210310_113423_562-100x100.jpg 100w, https:\/\/lestresorsdembruns.fr\/wp-content\/uploads\/2023\/10\/IMG_20210310_113423_562-600x600.jpg 600w, https:\/\/lestresorsdembruns.fr\/wp-content\/uploads\/2023\/10\/IMG_20210310_113423_562-150x150.jpg 150w, https:\/\/lestresorsdembruns.fr\/wp-content\/uploads\/2023\/10\/IMG_20210310_113423_562-768x768.jpg 768w, https:\/\/lestresorsdembruns.fr\/wp-content\/uploads\/2023\/10\/IMG_20210310_113423_562-80x80.jpg 80w, https:\/\/lestresorsdembruns.fr\/wp-content\/uploads\/2023\/10\/IMG_20210310_113423_562-110x110.jpg 110w, https:\/\/lestresorsdembruns.fr\/wp-content\/uploads\/2023\/10\/IMG_20210310_113423_562-200x200.jpg 200w, https:\/\/lestresorsdembruns.fr\/wp-content\/uploads\/2023\/10\/IMG_20210310_113423_562-380x380.jpg 380w, https:\/\/lestresorsdembruns.fr\/wp-content\/uploads\/2023\/10\/IMG_20210310_113423_562-580x580.jpg 580w, https:\/\/lestresorsdembruns.fr\/wp-content\/uploads\/2023\/10\/IMG_20210310_113423_562-1160x1160.jpg 1160w, https:\/\/lestresorsdembruns.fr\/wp-content\/uploads\/2023\/10\/IMG_20210310_113423_562.jpg 1440w\" sizes=\"(max-width: 1024px) 100vw, 1024px\" \/><\/figure>\n\n\n\n<figure class=\"wp-block-image size-large\"><img loading=\"lazy\" decoding=\"async\" width=\"405\" height=\"540\" data-id=\"66\" src=\"https:\/\/lestresorsdembruns.fr\/wp-content\/uploads\/2023\/10\/lampadaire-double-ampoule-coquillage-et-love.jpg\" alt=\"\" class=\"wp-image-66\" srcset=\"https:\/\/lestresorsdembruns.fr\/wp-content\/uploads\/2023\/10\/lampadaire-double-ampoule-coquillage-et-love.jpg 405w, https:\/\/lestresorsdembruns.fr\/wp-content\/uploads\/2023\/10\/lampadaire-double-ampoule-coquillage-et-love-225x300.jpg 225w, https:\/\/lestresorsdembruns.fr\/wp-content\/uploads\/2023\/10\/lampadaire-double-ampoule-coquillage-et-love-200x267.jpg 200w, https:\/\/lestresorsdembruns.fr\/wp-content\/uploads\/2023\/10\/lampadaire-double-ampoule-coquillage-et-love-380x507.jpg 380w\" sizes=\"(max-width: 405px) 100vw, 405px\" \/><\/figure>\n\n\n\n<figure class=\"wp-block-image size-large\"><img loading=\"lazy\" decoding=\"async\" width=\"590\" height=\"590\" data-id=\"69\" src=\"https:\/\/lestresorsdembruns.fr\/wp-content\/uploads\/2023\/10\/miroir-en-bois-flottes-salon-desthetique-ZEN.jpg\" alt=\"\" class=\"wp-image-69\" srcset=\"https:\/\/lestresorsdembruns.fr\/wp-content\/uploads\/2023\/10\/miroir-en-bois-flottes-salon-desthetique-ZEN.jpg 590w, https:\/\/lestresorsdembruns.fr\/wp-content\/uploads\/2023\/10\/miroir-en-bois-flottes-salon-desthetique-ZEN-300x300.jpg 300w, https:\/\/lestresorsdembruns.fr\/wp-content\/uploads\/2023\/10\/miroir-en-bois-flottes-salon-desthetique-ZEN-100x100.jpg 100w, https:\/\/lestresorsdembruns.fr\/wp-content\/uploads\/2023\/10\/miroir-en-bois-flottes-salon-desthetique-ZEN-150x150.jpg 150w, https:\/\/lestresorsdembruns.fr\/wp-content\/uploads\/2023\/10\/miroir-en-bois-flottes-salon-desthetique-ZEN-80x80.jpg 80w, https:\/\/lestresorsdembruns.fr\/wp-content\/uploads\/2023\/10\/miroir-en-bois-flottes-salon-desthetique-ZEN-110x110.jpg 110w, https:\/\/lestresorsdembruns.fr\/wp-content\/uploads\/2023\/10\/miroir-en-bois-flottes-salon-desthetique-ZEN-200x200.jpg 200w, https:\/\/lestresorsdembruns.fr\/wp-content\/uploads\/2023\/10\/miroir-en-bois-flottes-salon-desthetique-ZEN-380x380.jpg 380w, https:\/\/lestresorsdembruns.fr\/wp-content\/uploads\/2023\/10\/miroir-en-bois-flottes-salon-desthetique-ZEN-580x580.jpg 580w\" sizes=\"(max-width: 590px) 100vw, 590px\" \/><\/figure>\n\n\n\n<figure class=\"wp-block-image size-large\"><img loading=\"lazy\" decoding=\"async\" width=\"483\" height=\"645\" data-id=\"68\" src=\"https:\/\/lestresorsdembruns.fr\/wp-content\/uploads\/2023\/10\/miroir-salon-desthetique.jpg\" alt=\"\" class=\"wp-image-68\" srcset=\"https:\/\/lestresorsdembruns.fr\/wp-content\/uploads\/2023\/10\/miroir-salon-desthetique.jpg 483w, https:\/\/lestresorsdembruns.fr\/wp-content\/uploads\/2023\/10\/miroir-salon-desthetique-225x300.jpg 225w, https:\/\/lestresorsdembruns.fr\/wp-content\/uploads\/2023\/10\/miroir-salon-desthetique-200x267.jpg 200w, https:\/\/lestresorsdembruns.fr\/wp-content\/uploads\/2023\/10\/miroir-salon-desthetique-380x507.jpg 380w\" sizes=\"(max-width: 483px) 100vw, 483px\" \/><\/figure>\n<\/figure>\n","protected":false},"excerpt":{"rendered":"Les Tr\u00e9sors d&rsquo;Embruns sauront apporter une touche naturelle \u00e0 vos int\u00e9rieurs et ext\u00e9rieurs. Je vous propose de vous&hellip;\n","protected":false},"author":1,"featured_media":0,"parent":0,"menu_order":0,"comment_status":"closed","ping_status":"closed","template":"","meta":{"inline_featured_image":false,"_price":"","_stock":"","_tribe_ticket_header":"","_tribe_default_ticket_provider":"","_tribe_ticket_capacity":"0","_ticket_start_date":"","_ticket_end_date":"","_tribe_ticket_show_description":"","_tribe_ticket_show_not_going":false,"_tribe_ticket_use_global_stock":"","_tribe_ticket_global_stock_level":"","_global_stock_mode":"","_global_stock_cap":"","_tribe_rsvp_for_event":"","_tribe_ticket_going_count":"","_tribe_ticket_not_going_count":"","_tribe_tickets_list":"[]","_tribe_ticket_has_attendee_info_fields":false,"csco_display_header_overlay":false,"csco_page_header_type":"","csco_page_load_nextpost":"","csco_post_video_location":[],"csco_post_video_location_hash":"","csco_post_video_url":"","csco_post_video_bg_start_time":0,"csco_post_video_bg_end_time":0,"footnotes":"","_tec_slr_enabled":"","_tec_slr_layout":""},"class_list":["post-25","page","type-page","status-publish","cs-entry","cs-video-wrap"],"yoast_head":"<!-- This site is optimized with the Yoast SEO plugin v27.4 - https:\/\/yoast.com\/product\/yoast-seo-wordpress\/ -->\n<title>Pour les professionnels - Les tr\u00e9sors d&#039;embruns<\/title>\n<meta name=\"robots\" content=\"index, follow, max-snippet:-1, max-image-preview:large, max-video-preview:-1\" \/>\n<link rel=\"canonical\" href=\"https:\/\/lestresorsdembruns.fr\/index.php\/pour-les-professionnels\/\" \/>\n<meta property=\"og:locale\" content=\"fr_FR\" \/>\n<meta property=\"og:type\" content=\"article\" \/>\n<meta property=\"og:title\" content=\"Pour les professionnels - Les tr\u00e9sors d&#039;embruns\" \/>\n<meta property=\"og:description\" content=\"Les Tr\u00e9sors d&rsquo;Embruns sauront apporter une touche naturelle \u00e0 vos int\u00e9rieurs et ext\u00e9rieurs. Je vous propose de vous&hellip;\" \/>\n<meta property=\"og:url\" content=\"https:\/\/lestresorsdembruns.fr\/index.php\/pour-les-professionnels\/\" \/>\n<meta property=\"og:site_name\" content=\"Les tr\u00e9sors d&#039;embruns\" \/>\n<meta property=\"article:modified_time\" content=\"2024-01-23T19:58:02+00:00\" \/>\n<meta property=\"og:image\" content=\"https:\/\/lestresorsdembruns.fr\/wp-content\/uploads\/2023\/10\/lustre-salon-lultime-534x1024.jpg\" \/>\n<meta name=\"twitter:card\" content=\"summary_large_image\" \/>\n<meta name=\"twitter:label1\" content=\"Dur\u00e9e de lecture estim\u00e9e\" \/>\n\t<meta name=\"twitter:data1\" content=\"3 minutes\" \/>\n<script type=\"application\/ld+json\" class=\"yoast-schema-graph\">{\"@context\":\"https:\\\/\\\/schema.org\",\"@graph\":[{\"@type\":\"WebPage\",\"@id\":\"https:\\\/\\\/lestresorsdembruns.fr\\\/index.php\\\/pour-les-professionnels\\\/\",\"url\":\"https:\\\/\\\/lestresorsdembruns.fr\\\/index.php\\\/pour-les-professionnels\\\/\",\"name\":\"Pour les professionnels - Les tr\u00e9sors d&#039;embruns\",\"isPartOf\":{\"@id\":\"https:\\\/\\\/lestresorsdembruns.fr\\\/#website\"},\"primaryImageOfPage\":{\"@id\":\"https:\\\/\\\/lestresorsdembruns.fr\\\/index.php\\\/pour-les-professionnels\\\/#primaryimage\"},\"image\":{\"@id\":\"https:\\\/\\\/lestresorsdembruns.fr\\\/index.php\\\/pour-les-professionnels\\\/#primaryimage\"},\"thumbnailUrl\":\"https:\\\/\\\/lestresorsdembruns.fr\\\/wp-content\\\/uploads\\\/2023\\\/10\\\/lustre-salon-lultime-534x1024.jpg\",\"datePublished\":\"2023-10-04T14:16:27+00:00\",\"dateModified\":\"2024-01-23T19:58:02+00:00\",\"breadcrumb\":{\"@id\":\"https:\\\/\\\/lestresorsdembruns.fr\\\/index.php\\\/pour-les-professionnels\\\/#breadcrumb\"},\"inLanguage\":\"fr-FR\",\"potentialAction\":[{\"@type\":\"ReadAction\",\"target\":[\"https:\\\/\\\/lestresorsdembruns.fr\\\/index.php\\\/pour-les-professionnels\\\/\"]}]},{\"@type\":\"ImageObject\",\"inLanguage\":\"fr-FR\",\"@id\":\"https:\\\/\\\/lestresorsdembruns.fr\\\/index.php\\\/pour-les-professionnels\\\/#primaryimage\",\"url\":\"https:\\\/\\\/lestresorsdembruns.fr\\\/wp-content\\\/uploads\\\/2023\\\/10\\\/lustre-salon-lultime-scaled.jpg\",\"contentUrl\":\"https:\\\/\\\/lestresorsdembruns.fr\\\/wp-content\\\/uploads\\\/2023\\\/10\\\/lustre-salon-lultime-scaled.jpg\",\"width\":1334,\"height\":2560},{\"@type\":\"BreadcrumbList\",\"@id\":\"https:\\\/\\\/lestresorsdembruns.fr\\\/index.php\\\/pour-les-professionnels\\\/#breadcrumb\",\"itemListElement\":[{\"@type\":\"ListItem\",\"position\":1,\"name\":\"Accueil\",\"item\":\"https:\\\/\\\/lestresorsdembruns.fr\\\/\"},{\"@type\":\"ListItem\",\"position\":2,\"name\":\"Pour les professionnels\"}]},{\"@type\":\"WebSite\",\"@id\":\"https:\\\/\\\/lestresorsdembruns.fr\\\/#website\",\"url\":\"https:\\\/\\\/lestresorsdembruns.fr\\\/\",\"name\":\"Les tr\u00e9sors d&#039;embruns\",\"description\":\"\",\"potentialAction\":[{\"@type\":\"SearchAction\",\"target\":{\"@type\":\"EntryPoint\",\"urlTemplate\":\"https:\\\/\\\/lestresorsdembruns.fr\\\/?s={search_term_string}\"},\"query-input\":{\"@type\":\"PropertyValueSpecification\",\"valueRequired\":true,\"valueName\":\"search_term_string\"}}],\"inLanguage\":\"fr-FR\"}]}<\/script>\n<!-- \/ Yoast SEO plugin. -->","yoast_head_json":{"title":"Pour les professionnels - Les tr\u00e9sors d&#039;embruns","robots":{"index":"index","follow":"follow","max-snippet":"max-snippet:-1","max-image-preview":"max-image-preview:large","max-video-preview":"max-video-preview:-1"},"canonical":"https:\/\/lestresorsdembruns.fr\/index.php\/pour-les-professionnels\/","og_locale":"fr_FR","og_type":"article","og_title":"Pour les professionnels - Les tr\u00e9sors d&#039;embruns","og_description":"Les Tr\u00e9sors d&rsquo;Embruns sauront apporter une touche naturelle \u00e0 vos int\u00e9rieurs et ext\u00e9rieurs. Je vous propose de vous&hellip;","og_url":"https:\/\/lestresorsdembruns.fr\/index.php\/pour-les-professionnels\/","og_site_name":"Les tr\u00e9sors d&#039;embruns","article_modified_time":"2024-01-23T19:58:02+00:00","og_image":[{"url":"https:\/\/lestresorsdembruns.fr\/wp-content\/uploads\/2023\/10\/lustre-salon-lultime-534x1024.jpg","type":"","width":"","height":""}],"twitter_card":"summary_large_image","twitter_misc":{"Dur\u00e9e de lecture estim\u00e9e":"3 minutes"},"schema":{"@context":"https:\/\/schema.org","@graph":[{"@type":"WebPage","@id":"https:\/\/lestresorsdembruns.fr\/index.php\/pour-les-professionnels\/","url":"https:\/\/lestresorsdembruns.fr\/index.php\/pour-les-professionnels\/","name":"Pour les professionnels - Les tr\u00e9sors d&#039;embruns","isPartOf":{"@id":"https:\/\/lestresorsdembruns.fr\/#website"},"primaryImageOfPage":{"@id":"https:\/\/lestresorsdembruns.fr\/index.php\/pour-les-professionnels\/#primaryimage"},"image":{"@id":"https:\/\/lestresorsdembruns.fr\/index.php\/pour-les-professionnels\/#primaryimage"},"thumbnailUrl":"https:\/\/lestresorsdembruns.fr\/wp-content\/uploads\/2023\/10\/lustre-salon-lultime-534x1024.jpg","datePublished":"2023-10-04T14:16:27+00:00","dateModified":"2024-01-23T19:58:02+00:00","breadcrumb":{"@id":"https:\/\/lestresorsdembruns.fr\/index.php\/pour-les-professionnels\/#breadcrumb"},"inLanguage":"fr-FR","potentialAction":[{"@type":"ReadAction","target":["https:\/\/lestresorsdembruns.fr\/index.php\/pour-les-professionnels\/"]}]},{"@type":"ImageObject","inLanguage":"fr-FR","@id":"https:\/\/lestresorsdembruns.fr\/index.php\/pour-les-professionnels\/#primaryimage","url":"https:\/\/lestresorsdembruns.fr\/wp-content\/uploads\/2023\/10\/lustre-salon-lultime-scaled.jpg","contentUrl":"https:\/\/lestresorsdembruns.fr\/wp-content\/uploads\/2023\/10\/lustre-salon-lultime-scaled.jpg","width":1334,"height":2560},{"@type":"BreadcrumbList","@id":"https:\/\/lestresorsdembruns.fr\/index.php\/pour-les-professionnels\/#breadcrumb","itemListElement":[{"@type":"ListItem","position":1,"name":"Accueil","item":"https:\/\/lestresorsdembruns.fr\/"},{"@type":"ListItem","position":2,"name":"Pour les professionnels"}]},{"@type":"WebSite","@id":"https:\/\/lestresorsdembruns.fr\/#website","url":"https:\/\/lestresorsdembruns.fr\/","name":"Les tr\u00e9sors d&#039;embruns","description":"","potentialAction":[{"@type":"SearchAction","target":{"@type":"EntryPoint","urlTemplate":"https:\/\/lestresorsdembruns.fr\/?s={search_term_string}"},"query-input":{"@type":"PropertyValueSpecification","valueRequired":true,"valueName":"search_term_string"}}],"inLanguage":"fr-FR"}]}},"ticketed":false,"_links":{"self":[{"href":"https:\/\/lestresorsdembruns.fr\/index.php\/wp-json\/wp\/v2\/pages\/25","targetHints":{"allow":["GET"]}}],"collection":[{"href":"https:\/\/lestresorsdembruns.fr\/index.php\/wp-json\/wp\/v2\/pages"}],"about":[{"href":"https:\/\/lestresorsdembruns.fr\/index.php\/wp-json\/wp\/v2\/types\/page"}],"author":[{"embeddable":true,"href":"https:\/\/lestresorsdembruns.fr\/index.php\/wp-json\/wp\/v2\/users\/1"}],"replies":[{"embeddable":true,"href":"https:\/\/lestresorsdembruns.fr\/index.php\/wp-json\/wp\/v2\/comments?post=25"}],"version-history":[{"count":5,"href":"https:\/\/lestresorsdembruns.fr\/index.php\/wp-json\/wp\/v2\/pages\/25\/revisions"}],"predecessor-version":[{"id":401,"href":"https:\/\/lestresorsdembruns.fr\/index.php\/wp-json\/wp\/v2\/pages\/25\/revisions\/401"}],"wp:attachment":[{"href":"https:\/\/lestresorsdembruns.fr\/index.php\/wp-json\/wp\/v2\/media?parent=25"}],"curies":[{"name":"wp","href":"https:\/\/api.w.org\/{rel}","templated":true}]}}