{"id":10,"date":"2023-10-04T16:12:25","date_gmt":"2023-10-04T14:12:25","guid":{"rendered":"http:\/\/lestresorsdembruns.fr\/?page_id=10"},"modified":"2024-02-14T21:16:54","modified_gmt":"2024-02-14T20:16:54","slug":"la-creatrice","status":"publish","type":"page","link":"https:\/\/lestresorsdembruns.fr\/index.php\/la-creatrice\/","title":{"rendered":"La cr\u00e9atrice"},"content":{"rendered":"\n<p>Autodidacte, Je suis une cr\u00e9atrice passionn\u00e9e d&rsquo;objets de d\u00e9coration et de mobilier insolite en bois<br>flott\u00e9s. En tant que v\u00e9ritable amoureuse de la mer, j\u2019ai lanc\u00e9 ma marque LES TRESORS D\u2019EMBRUNS<br>depuis novembre 2019.<\/p>\n\n\n<div class=\"wp-block-image\">\n<figure class=\"aligncenter size-full\"><img fetchpriority=\"high\" decoding=\"async\" width=\"609\" height=\"310\" src=\"https:\/\/lestresorsdembruns.fr\/wp-content\/uploads\/2023\/10\/image.png\" alt=\"Le rivage Corse o\u00f9 Magali se procure le bois flott\u00e9\" class=\"wp-image-12\" srcset=\"https:\/\/lestresorsdembruns.fr\/wp-content\/uploads\/2023\/10\/image.png 609w, https:\/\/lestresorsdembruns.fr\/wp-content\/uploads\/2023\/10\/image-600x305.png 600w, https:\/\/lestresorsdembruns.fr\/wp-content\/uploads\/2023\/10\/image-300x153.png 300w\" sizes=\"(max-width: 609px) 100vw, 609px\" \/><\/figure>\n<\/div>\n\n\n<p>N\u00e9e \u00e0 Marseille, je vis actuellement dans le charmant village de Mimet, situ\u00e9e aux alentours d&rsquo;Aix-<br>en-Provence. Mon atelier est un petit coin de paradis o\u00f9 je laisse libre cours \u00e0 ma cr\u00e9ativit\u00e9, inspir\u00e9e<br>par la beaut\u00e9 naturelle du bord de mer qui a toujours \u00e9t\u00e9 une source d&rsquo;inspiration in\u00e9puisable pour<br>moi.<br>Je suis fi\u00e8re de dire que mon travail est \u00e9co-responsable. Le bois flott\u00e9 que j&rsquo;utilise provient en<br>majeure partie du cap Corse, o\u00f9 il est collect\u00e9 par nos soins, \u00e0 la main, de mani\u00e8re durable. Chaque<br>pi\u00e8ce que je cr\u00e9e est unique, impr\u00e9gn\u00e9e de l&rsquo;essence de la mer et du charme m\u00e9diterran\u00e9en. Mon<br>objectif est de capturer un peu de cette magie dans chaque objet, pour que vous puissiez ressentir la<br>s\u00e9r\u00e9nit\u00e9 et la beaut\u00e9 de la mer chez vous.<\/p>\n\n\n\n<figure class=\"wp-block-image size-large is-resized\"><img decoding=\"async\" width=\"683\" height=\"1024\" src=\"https:\/\/lestresorsdembruns.fr\/wp-content\/uploads\/2023\/10\/L.-portrait-Magali-DANTUONI-LES-TRESORS-DEMBRUN-Artis-Boutique-\u00a9-by-Lola-Moser-683x1024.jpg\" alt=\"\" class=\"wp-image-309\" style=\"aspect-ratio:0.6669921875;width:841px;height:auto\" srcset=\"https:\/\/lestresorsdembruns.fr\/wp-content\/uploads\/2023\/10\/L.-portrait-Magali-DANTUONI-LES-TRESORS-DEMBRUN-Artis-Boutique-\u00a9-by-Lola-Moser-683x1024.jpg 683w, https:\/\/lestresorsdembruns.fr\/wp-content\/uploads\/2023\/10\/L.-portrait-Magali-DANTUONI-LES-TRESORS-DEMBRUN-Artis-Boutique-\u00a9-by-Lola-Moser-scaled-600x899.jpg 600w, https:\/\/lestresorsdembruns.fr\/wp-content\/uploads\/2023\/10\/L.-portrait-Magali-DANTUONI-LES-TRESORS-DEMBRUN-Artis-Boutique-\u00a9-by-Lola-Moser-200x300.jpg 200w, https:\/\/lestresorsdembruns.fr\/wp-content\/uploads\/2023\/10\/L.-portrait-Magali-DANTUONI-LES-TRESORS-DEMBRUN-Artis-Boutique-\u00a9-by-Lola-Moser-768x1151.jpg 768w, https:\/\/lestresorsdembruns.fr\/wp-content\/uploads\/2023\/10\/L.-portrait-Magali-DANTUONI-LES-TRESORS-DEMBRUN-Artis-Boutique-\u00a9-by-Lola-Moser-1025x1536.jpg 1025w, https:\/\/lestresorsdembruns.fr\/wp-content\/uploads\/2023\/10\/L.-portrait-Magali-DANTUONI-LES-TRESORS-DEMBRUN-Artis-Boutique-\u00a9-by-Lola-Moser-1366x2048.jpg 1366w, https:\/\/lestresorsdembruns.fr\/wp-content\/uploads\/2023\/10\/L.-portrait-Magali-DANTUONI-LES-TRESORS-DEMBRUN-Artis-Boutique-\u00a9-by-Lola-Moser-380x570.jpg 380w, https:\/\/lestresorsdembruns.fr\/wp-content\/uploads\/2023\/10\/L.-portrait-Magali-DANTUONI-LES-TRESORS-DEMBRUN-Artis-Boutique-\u00a9-by-Lola-Moser-580x869.jpg 580w, https:\/\/lestresorsdembruns.fr\/wp-content\/uploads\/2023\/10\/L.-portrait-Magali-DANTUONI-LES-TRESORS-DEMBRUN-Artis-Boutique-\u00a9-by-Lola-Moser-1160x1739.jpg 1160w, https:\/\/lestresorsdembruns.fr\/wp-content\/uploads\/2023\/10\/L.-portrait-Magali-DANTUONI-LES-TRESORS-DEMBRUN-Artis-Boutique-\u00a9-by-Lola-Moser-scaled.jpg 1708w\" sizes=\"(max-width: 683px) 100vw, 683px\" \/><figcaption class=\"wp-element-caption\">Cr\u00e9dit Lola Moser<\/figcaption><\/figure>\n\n\n\n<h2 id=\"la-decoration-et-le-mobilier-insolite-en-bois-flottes\" class=\"wp-block-heading\">La d\u00e9coration et le mobilier insolite en bois flott\u00e9s<\/h2>\n\n\n\n<p>Mon savoir-faire est artisanal et je fabrique chacune de mes pi\u00e8ces \u00e0 la main en jouant avec<br>diff\u00e9rents mat\u00e9riaux.<\/p>\n\n\n\n<p>La d\u00e9coration \u00e0 base de bois flott\u00e9s est intemporelle et elle peut \u00eatre utilis\u00e9e en int\u00e9rieur comme en<br>ext\u00e9rieur. Cette D\u00e9coration \u00e0 base d\u2019\u00e9l\u00e9ments naturels am\u00e8ne cette touche d\u2019apaisement et<br>d\u2019authenticit\u00e9 avec des pi\u00e8ces uniques d\u2019inspiration de bord de mer.<\/p>\n\n\n\n<p>Nous trouvons de magnifiques tr\u00e9sors sur les plages mais nous d\u00e9plorons \u00e9galement d\u2019innombrables<br>d\u00e9g\u00e2ts avec de nombreux d\u00e9chets, que nous r\u00e9coltons \u00e9galement pour les remettre \u00e0 la poubelle&nbsp;!<br>C\u2019est pour cela que ce mat\u00e9riaux devient une source noble , un mat\u00e9riaux \u00e9cologique qui veut nous<br>raconter son histoire et son voyage\u2026 on ne coupe plus d\u2019arbres pour cr\u00e9er de nouveaux meubles et<br>nous cr\u00e9ons votre nouveau mobilier sur mesure ou encore des sculptures artistiques sur la base de<br>ce que dame nature nous a rendu avec les intemp\u00e9ries.<\/p>\n\n\n\n<p>Ce bois mort reprend vie en passant entre mes mains et je lui donne une seconde chance<br>d\u2019exister&nbsp;parmi nous.<\/p>\n\n\n\n<p>Je fabrique des projets sur commande et sur mesure pour s\u2019adapter a vos maisons, vos styles et vos<br>d\u00e9corations\u2026<\/p>\n\n\n\n<p>Je vous invite \u00e0 d\u00e9couvrir mes <a href=\"https:\/\/lestresorsdembruns.fr\/index.php\/les-creations\/\">cr\u00e9ations<\/a>, qui sont le reflet de mon amour pour la nature et mon<br>engagement envers une d\u00e9marche \u00e9co-responsable.<\/p>\n\n\n\n<p>Merci de me permettre de partager ma passion avec vous.<\/p>\n","protected":false},"excerpt":{"rendered":"Autodidacte, Je suis une cr\u00e9atrice passionn\u00e9e d&rsquo;objets de d\u00e9coration et de mobilier insolite en boisflott\u00e9s. En tant que&hellip;\n","protected":false},"author":1,"featured_media":0,"parent":0,"menu_order":0,"comment_status":"closed","ping_status":"closed","template":"","meta":{"inline_featured_image":false,"_price":"","_stock":"","_tribe_ticket_header":"","_tribe_default_ticket_provider":"","_tribe_ticket_capacity":"0","_ticket_start_date":"","_ticket_end_date":"","_tribe_ticket_show_description":"","_tribe_ticket_show_not_going":false,"_tribe_ticket_use_global_stock":"","_tribe_ticket_global_stock_level":"","_global_stock_mode":"","_global_stock_cap":"","_tribe_rsvp_for_event":"","_tribe_ticket_going_count":"","_tribe_ticket_not_going_count":"","_tribe_tickets_list":"[]","_tribe_ticket_has_attendee_info_fields":false,"csco_display_header_overlay":false,"csco_page_header_type":"","csco_page_load_nextpost":"","csco_post_video_location":[],"csco_post_video_location_hash":"","csco_post_video_url":"","csco_post_video_bg_start_time":0,"csco_post_video_bg_end_time":0,"footnotes":"","_tec_slr_enabled":"","_tec_slr_layout":""},"class_list":["post-10","page","type-page","status-publish","cs-entry","cs-video-wrap"],"yoast_head":"<!-- This site is optimized with the Yoast SEO plugin v27.4 - https:\/\/yoast.com\/product\/yoast-seo-wordpress\/ -->\n<title>La cr\u00e9atrice - Les tr\u00e9sors d&#039;embruns<\/title>\n<meta name=\"description\" content=\"Pr\u00e9sentation de la cr\u00e9atrice des Tr\u00e9sors d&#039;embruns, Magali. Situ\u00e9 \u00e0 Mimet aux alentours d&#039;Aix-en-Provence et de Marseille.\" \/>\n<meta name=\"robots\" content=\"index, follow, max-snippet:-1, max-image-preview:large, max-video-preview:-1\" \/>\n<link rel=\"canonical\" href=\"https:\/\/lestresorsdembruns.fr\/index.php\/la-creatrice\/\" \/>\n<meta property=\"og:locale\" content=\"fr_FR\" \/>\n<meta property=\"og:type\" content=\"article\" \/>\n<meta property=\"og:title\" content=\"La cr\u00e9atrice - Les tr\u00e9sors d&#039;embruns\" \/>\n<meta property=\"og:description\" content=\"Pr\u00e9sentation de la cr\u00e9atrice des Tr\u00e9sors d&#039;embruns, Magali. Situ\u00e9 \u00e0 Mimet aux alentours d&#039;Aix-en-Provence et de Marseille.\" \/>\n<meta property=\"og:url\" content=\"https:\/\/lestresorsdembruns.fr\/index.php\/la-creatrice\/\" \/>\n<meta property=\"og:site_name\" content=\"Les tr\u00e9sors d&#039;embruns\" \/>\n<meta property=\"article:modified_time\" content=\"2024-02-14T20:16:54+00:00\" \/>\n<meta property=\"og:image\" content=\"http:\/\/lestresorsdembruns.fr\/wp-content\/uploads\/2023\/10\/image.png\" \/>\n<meta name=\"twitter:card\" content=\"summary_large_image\" \/>\n<meta name=\"twitter:label1\" content=\"Dur\u00e9e de lecture estim\u00e9e\" \/>\n\t<meta name=\"twitter:data1\" content=\"3 minutes\" \/>\n<script type=\"application\/ld+json\" class=\"yoast-schema-graph\">{\"@context\":\"https:\\\/\\\/schema.org\",\"@graph\":[{\"@type\":\"WebPage\",\"@id\":\"https:\\\/\\\/lestresorsdembruns.fr\\\/index.php\\\/la-creatrice\\\/\",\"url\":\"https:\\\/\\\/lestresorsdembruns.fr\\\/index.php\\\/la-creatrice\\\/\",\"name\":\"La cr\u00e9atrice - Les tr\u00e9sors d&#039;embruns\",\"isPartOf\":{\"@id\":\"https:\\\/\\\/lestresorsdembruns.fr\\\/#website\"},\"primaryImageOfPage\":{\"@id\":\"https:\\\/\\\/lestresorsdembruns.fr\\\/index.php\\\/la-creatrice\\\/#primaryimage\"},\"image\":{\"@id\":\"https:\\\/\\\/lestresorsdembruns.fr\\\/index.php\\\/la-creatrice\\\/#primaryimage\"},\"thumbnailUrl\":\"http:\\\/\\\/lestresorsdembruns.fr\\\/wp-content\\\/uploads\\\/2023\\\/10\\\/image.png\",\"datePublished\":\"2023-10-04T14:12:25+00:00\",\"dateModified\":\"2024-02-14T20:16:54+00:00\",\"description\":\"Pr\u00e9sentation de la cr\u00e9atrice des Tr\u00e9sors d'embruns, Magali. Situ\u00e9 \u00e0 Mimet aux alentours d'Aix-en-Provence et de Marseille.\",\"breadcrumb\":{\"@id\":\"https:\\\/\\\/lestresorsdembruns.fr\\\/index.php\\\/la-creatrice\\\/#breadcrumb\"},\"inLanguage\":\"fr-FR\",\"potentialAction\":[{\"@type\":\"ReadAction\",\"target\":[\"https:\\\/\\\/lestresorsdembruns.fr\\\/index.php\\\/la-creatrice\\\/\"]}]},{\"@type\":\"ImageObject\",\"inLanguage\":\"fr-FR\",\"@id\":\"https:\\\/\\\/lestresorsdembruns.fr\\\/index.php\\\/la-creatrice\\\/#primaryimage\",\"url\":\"http:\\\/\\\/lestresorsdembruns.fr\\\/wp-content\\\/uploads\\\/2023\\\/10\\\/image.png\",\"contentUrl\":\"http:\\\/\\\/lestresorsdembruns.fr\\\/wp-content\\\/uploads\\\/2023\\\/10\\\/image.png\"},{\"@type\":\"BreadcrumbList\",\"@id\":\"https:\\\/\\\/lestresorsdembruns.fr\\\/index.php\\\/la-creatrice\\\/#breadcrumb\",\"itemListElement\":[{\"@type\":\"ListItem\",\"position\":1,\"name\":\"Accueil\",\"item\":\"https:\\\/\\\/lestresorsdembruns.fr\\\/\"},{\"@type\":\"ListItem\",\"position\":2,\"name\":\"La cr\u00e9atrice\"}]},{\"@type\":\"WebSite\",\"@id\":\"https:\\\/\\\/lestresorsdembruns.fr\\\/#website\",\"url\":\"https:\\\/\\\/lestresorsdembruns.fr\\\/\",\"name\":\"Les tr\u00e9sors d&#039;embruns\",\"description\":\"\",\"potentialAction\":[{\"@type\":\"SearchAction\",\"target\":{\"@type\":\"EntryPoint\",\"urlTemplate\":\"https:\\\/\\\/lestresorsdembruns.fr\\\/?s={search_term_string}\"},\"query-input\":{\"@type\":\"PropertyValueSpecification\",\"valueRequired\":true,\"valueName\":\"search_term_string\"}}],\"inLanguage\":\"fr-FR\"}]}<\/script>\n<!-- \/ Yoast SEO plugin. -->","yoast_head_json":{"title":"La cr\u00e9atrice - Les tr\u00e9sors d&#039;embruns","description":"Pr\u00e9sentation de la cr\u00e9atrice des Tr\u00e9sors d'embruns, Magali. Situ\u00e9 \u00e0 Mimet aux alentours d'Aix-en-Provence et de Marseille.","robots":{"index":"index","follow":"follow","max-snippet":"max-snippet:-1","max-image-preview":"max-image-preview:large","max-video-preview":"max-video-preview:-1"},"canonical":"https:\/\/lestresorsdembruns.fr\/index.php\/la-creatrice\/","og_locale":"fr_FR","og_type":"article","og_title":"La cr\u00e9atrice - Les tr\u00e9sors d&#039;embruns","og_description":"Pr\u00e9sentation de la cr\u00e9atrice des Tr\u00e9sors d'embruns, Magali. Situ\u00e9 \u00e0 Mimet aux alentours d'Aix-en-Provence et de Marseille.","og_url":"https:\/\/lestresorsdembruns.fr\/index.php\/la-creatrice\/","og_site_name":"Les tr\u00e9sors d&#039;embruns","article_modified_time":"2024-02-14T20:16:54+00:00","og_image":[{"url":"http:\/\/lestresorsdembruns.fr\/wp-content\/uploads\/2023\/10\/image.png","type":"","width":"","height":""}],"twitter_card":"summary_large_image","twitter_misc":{"Dur\u00e9e de lecture estim\u00e9e":"3 minutes"},"schema":{"@context":"https:\/\/schema.org","@graph":[{"@type":"WebPage","@id":"https:\/\/lestresorsdembruns.fr\/index.php\/la-creatrice\/","url":"https:\/\/lestresorsdembruns.fr\/index.php\/la-creatrice\/","name":"La cr\u00e9atrice - Les tr\u00e9sors d&#039;embruns","isPartOf":{"@id":"https:\/\/lestresorsdembruns.fr\/#website"},"primaryImageOfPage":{"@id":"https:\/\/lestresorsdembruns.fr\/index.php\/la-creatrice\/#primaryimage"},"image":{"@id":"https:\/\/lestresorsdembruns.fr\/index.php\/la-creatrice\/#primaryimage"},"thumbnailUrl":"http:\/\/lestresorsdembruns.fr\/wp-content\/uploads\/2023\/10\/image.png","datePublished":"2023-10-04T14:12:25+00:00","dateModified":"2024-02-14T20:16:54+00:00","description":"Pr\u00e9sentation de la cr\u00e9atrice des Tr\u00e9sors d'embruns, Magali. Situ\u00e9 \u00e0 Mimet aux alentours d'Aix-en-Provence et de Marseille.","breadcrumb":{"@id":"https:\/\/lestresorsdembruns.fr\/index.php\/la-creatrice\/#breadcrumb"},"inLanguage":"fr-FR","potentialAction":[{"@type":"ReadAction","target":["https:\/\/lestresorsdembruns.fr\/index.php\/la-creatrice\/"]}]},{"@type":"ImageObject","inLanguage":"fr-FR","@id":"https:\/\/lestresorsdembruns.fr\/index.php\/la-creatrice\/#primaryimage","url":"http:\/\/lestresorsdembruns.fr\/wp-content\/uploads\/2023\/10\/image.png","contentUrl":"http:\/\/lestresorsdembruns.fr\/wp-content\/uploads\/2023\/10\/image.png"},{"@type":"BreadcrumbList","@id":"https:\/\/lestresorsdembruns.fr\/index.php\/la-creatrice\/#breadcrumb","itemListElement":[{"@type":"ListItem","position":1,"name":"Accueil","item":"https:\/\/lestresorsdembruns.fr\/"},{"@type":"ListItem","position":2,"name":"La cr\u00e9atrice"}]},{"@type":"WebSite","@id":"https:\/\/lestresorsdembruns.fr\/#website","url":"https:\/\/lestresorsdembruns.fr\/","name":"Les tr\u00e9sors d&#039;embruns","description":"","potentialAction":[{"@type":"SearchAction","target":{"@type":"EntryPoint","urlTemplate":"https:\/\/lestresorsdembruns.fr\/?s={search_term_string}"},"query-input":{"@type":"PropertyValueSpecification","valueRequired":true,"valueName":"search_term_string"}}],"inLanguage":"fr-FR"}]}},"ticketed":false,"_links":{"self":[{"href":"https:\/\/lestresorsdembruns.fr\/index.php\/wp-json\/wp\/v2\/pages\/10","targetHints":{"allow":["GET"]}}],"collection":[{"href":"https:\/\/lestresorsdembruns.fr\/index.php\/wp-json\/wp\/v2\/pages"}],"about":[{"href":"https:\/\/lestresorsdembruns.fr\/index.php\/wp-json\/wp\/v2\/types\/page"}],"author":[{"embeddable":true,"href":"https:\/\/lestresorsdembruns.fr\/index.php\/wp-json\/wp\/v2\/users\/1"}],"replies":[{"embeddable":true,"href":"https:\/\/lestresorsdembruns.fr\/index.php\/wp-json\/wp\/v2\/comments?post=10"}],"version-history":[{"count":15,"href":"https:\/\/lestresorsdembruns.fr\/index.php\/wp-json\/wp\/v2\/pages\/10\/revisions"}],"predecessor-version":[{"id":447,"href":"https:\/\/lestresorsdembruns.fr\/index.php\/wp-json\/wp\/v2\/pages\/10\/revisions\/447"}],"wp:attachment":[{"href":"https:\/\/lestresorsdembruns.fr\/index.php\/wp-json\/wp\/v2\/media?parent=10"}],"curies":[{"name":"wp","href":"https:\/\/api.w.org\/{rel}","templated":true}]}}